{"id":8,"date":"2014-07-22T15:01:43","date_gmt":"2014-07-22T15:01:43","guid":{"rendered":"http:\/\/bilica.org.br\/?page_id=8"},"modified":"2022-09-16T15:48:04","modified_gmt":"2022-09-16T18:48:04","slug":"associacao-dos-amigos-da-biblioteca-livre-do-campeche","status":"publish","type":"page","link":"https:\/\/bilica.org.br\/","title":{"rendered":"Associa\u00e7\u00e3o dos Amigos da Biblioteca Livre do Campeche"},"content":{"rendered":"<p>Assista ao v\u00eddeo de divulga\u00e7\u00e3o da Biblioteca Bilica criado pelo volunt\u00e1rio Roger.<\/p>\n<p><iframe loading=\"lazy\" src=\"https:\/\/www.youtube.com\/embed\/DEtig0BYgw4\" width=\"560\" height=\"315\" frameborder=\"0\" allowfullscreen=\"allowfullscreen\"><\/iframe><\/p>\n<p style=\"color: #444444; text-align: center;\"><a href=\"http:\/\/bilica.org.br\/wp-content\/uploads\/2014\/07\/fachada.jpeg\"><img loading=\"lazy\" decoding=\"async\" class=\"alignnone wp-image-1020 size-full\" src=\"http:\/\/bilica.org.br\/wp-content\/uploads\/2014\/07\/fachada.jpeg\" alt=\"\" width=\"640\" height=\"640\" srcset=\"https:\/\/bilica.org.br\/wp-content\/uploads\/2014\/07\/fachada.jpeg 640w, https:\/\/bilica.org.br\/wp-content\/uploads\/2014\/07\/fachada-150x150.jpeg 150w, https:\/\/bilica.org.br\/wp-content\/uploads\/2014\/07\/fachada-300x300.jpeg 300w\" sizes=\"auto, (max-width: 640px) 100vw, 640px\" \/><\/a><br \/>\nBem-vindo \u00e0 Associa\u00e7\u00e3o dos Amigos da Biblioteca Livre do Campeche<\/p>\n<p style=\"color: #444444;\">A<span class=\"Apple-style-span\" style=\"font-weight: bold;\">\u00a0Biblioteca Livre do Campeche\u00a0 &#8211; BILICA\u00a0<\/span>\u00e9 um espa\u00e7o de encontro e de cultura, onde crian\u00e7as, adolescentes e adultos encontram um interessante\u00a0<a style=\"color: #743399;\" href=\"http:\/\/www.bilica.org.br\/sistema\/modulos\/acervo\/\">acervo de\u00a0 livros e outros materiais culturais<\/a>\u00a0para tomar emprestado gratuitamente, e tamb\u00e9m apoio para realizar pesquisas e tarefas escolares.<\/p>\n<p style=\"color: #444444;\">O projeto surgiu em agosto de 2007,\u00a0 pela decis\u00e3o de um grupo de moradores do Campeche e tem como princ\u00edpios o trabalho volunt\u00e1rio, o acesso livre e a valoriza\u00e7\u00e3o da cultura. Para saber mais da hist\u00f3ria da Bilica, entrar aqui: <a href=\"http:\/\/bilica.org.br\/wp-content\/uploads\/2014\/07\/2013-Portif\u00f3lio-BILICA-2007-2013-1.pdf\" target=\"_blank\" rel=\"noopener noreferrer\">2013 Portif\u00f3lio BILICA 2007-2013-1<\/a>.<\/p>\n<p style=\"color: #444444;\">Atualmente, a Bilica est\u00e1 sem um espa\u00e7o de atendimento ao p\u00fablico. Estamos em busca de um novo local para o acervo e as atividades culturais.<\/p>\n<p style=\"color: #444444;\"><span style=\"color: #000080;\"><span lang=\"zxx\"><span style=\"color: #000000;\"><span style=\"font-size: xx-large;\"><span lang=\"pt-BR\"><b>E-mail:\u00a0<\/b><\/span><\/span><\/span><\/span><\/span><span style=\"color: #000080;\"><span lang=\"zxx\"><u><a href=\"mailto:bilicampeche@gmail.com\"><span style=\"font-size: xx-large;\"><b>bilicampeche@gmail.com<\/b><\/span><\/a><\/u><\/span><\/span><\/p>\n<div style=\"color: #444444;\">\n<p class=\"western\" align=\"center\"><span style=\"color: #000080;\"><span lang=\"zxx\"><span style=\"color: #000000;\"><span style=\"font-size: xx-large;\"><b>Consulta ao acervo:<\/b><\/span><\/span><\/span><\/span><b> <\/b><span style=\"color: #000080;\"><span lang=\"zxx\"><u><a href=\"http:\/\/www.bilica.org.br\/sistema\"><span style=\"font-size: xx-large;\"><b>www.bilica.org.br\/sistema<\/b><\/span><\/a><\/u><\/span><\/span><\/p>\n<p style=\"color: #444444; text-align: center;\">Endere\u00e7o: atualmente, a Bilica est\u00e1 sem sede. Estamos em busca de um novo espa\u00e7o e esperamos reabrir a biblioteca em breve!\u00a0Acompanhe o <a href=\"https:\/\/www.instagram.com\/biblioteca_bilica\/\">Instagram da Bilica<\/a>!<\/p>\n<\/div>\n","protected":false},"excerpt":{"rendered":"<p>Assista ao v\u00eddeo de divulga\u00e7\u00e3o da Biblioteca Bilica criado pelo volunt\u00e1rio Roger. Bem-vindo \u00e0 Associa\u00e7\u00e3o dos Amigos da Biblioteca Livre do Campeche A\u00a0Biblioteca Livre do Campeche\u00a0 &#8211; BILICA\u00a0\u00e9 um espa\u00e7o de encontro e de cultura, onde crian\u00e7as, adolescentes e adultos encontram um interessante\u00a0acervo de\u00a0 livros e outros materiais culturais\u00a0para tomar emprestado gratuitamente, e tamb\u00e9m apoio &hellip; <a href=\"https:\/\/bilica.org.br\/\" class=\"more-link\">Continue lendo <span class=\"screen-reader-text\">Associa\u00e7\u00e3o dos Amigos da Biblioteca Livre do Campeche<\/span> <span class=\"meta-nav\">&rarr;<\/span><\/a><\/p>\n","protected":false},"author":2,"featured_media":0,"parent":0,"menu_order":0,"comment_status":"open","ping_status":"open","template":"","meta":{"footnotes":""},"class_list":["post-8","page","type-page","status-publish","hentry"],"_links":{"self":[{"href":"https:\/\/bilica.org.br\/index.php?rest_route=\/wp\/v2\/pages\/8","targetHints":{"allow":["GET"]}}],"collection":[{"href":"https:\/\/bilica.org.br\/index.php?rest_route=\/wp\/v2\/pages"}],"about":[{"href":"https:\/\/bilica.org.br\/index.php?rest_route=\/wp\/v2\/types\/page"}],"author":[{"embeddable":true,"href":"https:\/\/bilica.org.br\/index.php?rest_route=\/wp\/v2\/users\/2"}],"replies":[{"embeddable":true,"href":"https:\/\/bilica.org.br\/index.php?rest_route=%2Fwp%2Fv2%2Fcomments&post=8"}],"version-history":[{"count":28,"href":"https:\/\/bilica.org.br\/index.php?rest_route=\/wp\/v2\/pages\/8\/revisions"}],"predecessor-version":[{"id":1193,"href":"https:\/\/bilica.org.br\/index.php?rest_route=\/wp\/v2\/pages\/8\/revisions\/1193"}],"wp:attachment":[{"href":"https:\/\/bilica.org.br\/index.php?rest_route=%2Fwp%2Fv2%2Fmedia&parent=8"}],"curies":[{"name":"wp","href":"https:\/\/api.w.org\/{rel}","templated":true}]}}