{"id":58,"date":"2014-08-08T17:58:48","date_gmt":"2014-08-08T17:58:48","guid":{"rendered":"http:\/\/bilica.org.br\/?page_id=58"},"modified":"2022-08-18T13:13:55","modified_gmt":"2022-08-18T16:13:55","slug":"atividades-permanentes","status":"publish","type":"page","link":"https:\/\/bilica.org.br\/?page_id=58","title":{"rendered":"Atividades"},"content":{"rendered":"<p>As atividades presenciais da Bilica foram suspensas devido \u00e0 pandemia, mas estamos voltando aos poucos. O atendimento ao p\u00fablico est\u00e1 ocorrendo nos hor\u00e1rios dispon\u00edveis na <a href=\"http:\/\/bilica.org.br\/\">p\u00e1gina principal<\/a>.<\/p>\n<p>Al\u00e9m de consultar nosso rico acervo e poder\u00a0pegar os livros emprestados, os leitores da Bilica t\u00eam acesso a diversas atividades. No momento, temos o <strong>Clube de Escrita<\/strong>, que se re\u00fane quinzenalmente de forma on-line. Se voc\u00ea quiser participar, entre em contato conosco pelo <a href=\"https:\/\/www.instagram.com\/biblioteca_bilica\/\">Instagram<\/a> ou pelo e-mail bilicampeche@gmail.com. Temos tamb\u00e9m oficinas de teatro para crian\u00e7as; veja os hor\u00e1rios no nosso\u00a0<a href=\"https:\/\/www.instagram.com\/biblioteca_bilica\/\">Instagram<\/a>.<\/p>\n<p>Todas as nossas atividades s\u00e3o gratuitas. Se voc\u00ea quiser propor alguma atividade na Bilica, entre em contato conosco!<\/p>\n","protected":false},"excerpt":{"rendered":"<p>As atividades presenciais da Bilica foram suspensas devido \u00e0 pandemia, mas estamos voltando aos poucos. O atendimento ao p\u00fablico est\u00e1 ocorrendo nos hor\u00e1rios dispon\u00edveis na p\u00e1gina principal. Al\u00e9m de consultar nosso rico acervo e poder\u00a0pegar os livros emprestados, os leitores da Bilica t\u00eam acesso a diversas atividades. No momento, temos o Clube de Escrita, que &hellip; <a href=\"https:\/\/bilica.org.br\/?page_id=58\" class=\"more-link\">Continue lendo <span class=\"screen-reader-text\">Atividades<\/span> <span class=\"meta-nav\">&rarr;<\/span><\/a><\/p>\n","protected":false},"author":4,"featured_media":0,"parent":0,"menu_order":0,"comment_status":"open","ping_status":"open","template":"","meta":{"footnotes":""},"class_list":["post-58","page","type-page","status-publish","hentry"],"_links":{"self":[{"href":"https:\/\/bilica.org.br\/index.php?rest_route=\/wp\/v2\/pages\/58","targetHints":{"allow":["GET"]}}],"collection":[{"href":"https:\/\/bilica.org.br\/index.php?rest_route=\/wp\/v2\/pages"}],"about":[{"href":"https:\/\/bilica.org.br\/index.php?rest_route=\/wp\/v2\/types\/page"}],"author":[{"embeddable":true,"href":"https:\/\/bilica.org.br\/index.php?rest_route=\/wp\/v2\/users\/4"}],"replies":[{"embeddable":true,"href":"https:\/\/bilica.org.br\/index.php?rest_route=%2Fwp%2Fv2%2Fcomments&post=58"}],"version-history":[{"count":26,"href":"https:\/\/bilica.org.br\/index.php?rest_route=\/wp\/v2\/pages\/58\/revisions"}],"predecessor-version":[{"id":1191,"href":"https:\/\/bilica.org.br\/index.php?rest_route=\/wp\/v2\/pages\/58\/revisions\/1191"}],"wp:attachment":[{"href":"https:\/\/bilica.org.br\/index.php?rest_route=%2Fwp%2Fv2%2Fmedia&parent=58"}],"curies":[{"name":"wp","href":"https:\/\/api.w.org\/{rel}","templated":true}]}}