{"id":523,"date":"2014-12-11T13:33:19","date_gmt":"2014-12-11T13:33:19","guid":{"rendered":"http:\/\/bilica.org.br\/?page_id=523"},"modified":"2022-09-16T15:48:43","modified_gmt":"2022-09-16T18:48:43","slug":"apoie-a-bilica","status":"publish","type":"page","link":"https:\/\/bilica.org.br\/?page_id=523","title":{"rendered":"Apoie a BILICA"},"content":{"rendered":"<p>Voc\u00ea pode apoiar a BILICA de tr\u00eas formas diferentes:<\/p>\n<p>1. VOLUNT\u00c1RIOS<\/p>\n<ul>\n<li>Atendimento na Biblioteca<\/li>\n<li>Oferecimento de oficinas de leitura, escrita ou artes<\/li>\n<li>Conta\u00e7\u00e3o de hist\u00f3rias<\/li>\n<li>Refor\u00e7o escolar<\/li>\n<\/ul>\n<p>Para ser volunt\u00e1rio basta ir na BILICA e conversar com algum dos volunt\u00e1rios ou escrever para o email: <a style=\"color: #743399;\" href=\"mailto:bilicampeche@gmail.com\">bilicampeche@gmail.com<\/a>.<\/p>\n<p>Para conhecer os volunt\u00e1rios da\u00a0BILICA <a href=\"http:\/\/bilica.org.br\/?page_id=1075\">clique aqui<\/a>.<\/p>\n<p>2. CONTRIBUI\u00c7\u00d5ES FINANCEIRAS<\/p>\n<p>Para ajudar nas despesas da biblioteca como aluguel, luz, telefone e materiais, voc\u00ea pode depositar na conta da\u00a0Associa\u00e7\u00e3o dos Amigos da Bilica\u00a0(CNPJ: 10773799\/0001-02).<\/p>\n<p>Banco do Brasil: Ag\u00eancia: 4397-4 Conta Corrente: 11.156-2<\/p>\n<p>Ou fazer um PIX em qualquer valor. A chave \u00e9 nosso e-mail: bilicampeche@gmail.com.<\/p>\n<p>Depois de efetuar sua doa\u00e7\u00e3o, pedimos para nos comunicar atrav\u00e9s do e-mail: <a style=\"color: #743399;\" href=\"mailto:bilicampeche@gmail.com\">bilicampeche@gmail.com\u00a0 <span style=\"color: #333333;\">para nossos registros.<\/span><\/a><\/p>\n<p>3. DOA\u00c7\u00c3O DE LIVROS (suspensa no momento)<\/p>\n<p>Normalmente, a\u00a0Bilica aceita apenas doa\u00e7\u00e3o de livros de literatura infantil, adulta e infanto-juvenil. Se tiver alguma d\u00favida, escreva para o email: <a style=\"color: #743399;\" href=\"mailto:bilicampeche@gmail.com\">bilicampeche@gmail.com.<\/a><\/p>\n<p>MUITO OBRIGADA POR SEU INTERESSE!!!<\/p>\n","protected":false},"excerpt":{"rendered":"<p>Voc\u00ea pode apoiar a BILICA de tr\u00eas formas diferentes: 1. VOLUNT\u00c1RIOS Atendimento na Biblioteca Oferecimento de oficinas de leitura, escrita ou artes Conta\u00e7\u00e3o de hist\u00f3rias Refor\u00e7o escolar Para ser volunt\u00e1rio basta ir na BILICA e conversar com algum dos volunt\u00e1rios ou escrever para o email: bilicampeche@gmail.com. Para conhecer os volunt\u00e1rios da\u00a0BILICA clique aqui. 2. CONTRIBUI\u00c7\u00d5ES &hellip; <a href=\"https:\/\/bilica.org.br\/?page_id=523\" class=\"more-link\">Continue lendo <span class=\"screen-reader-text\">Apoie a BILICA<\/span> <span class=\"meta-nav\">&rarr;<\/span><\/a><\/p>\n","protected":false},"author":2,"featured_media":0,"parent":0,"menu_order":0,"comment_status":"open","ping_status":"open","template":"","meta":{"footnotes":""},"class_list":["post-523","page","type-page","status-publish","hentry"],"_links":{"self":[{"href":"https:\/\/bilica.org.br\/index.php?rest_route=\/wp\/v2\/pages\/523","targetHints":{"allow":["GET"]}}],"collection":[{"href":"https:\/\/bilica.org.br\/index.php?rest_route=\/wp\/v2\/pages"}],"about":[{"href":"https:\/\/bilica.org.br\/index.php?rest_route=\/wp\/v2\/types\/page"}],"author":[{"embeddable":true,"href":"https:\/\/bilica.org.br\/index.php?rest_route=\/wp\/v2\/users\/2"}],"replies":[{"embeddable":true,"href":"https:\/\/bilica.org.br\/index.php?rest_route=%2Fwp%2Fv2%2Fcomments&post=523"}],"version-history":[{"count":6,"href":"https:\/\/bilica.org.br\/index.php?rest_route=\/wp\/v2\/pages\/523\/revisions"}],"predecessor-version":[{"id":1194,"href":"https:\/\/bilica.org.br\/index.php?rest_route=\/wp\/v2\/pages\/523\/revisions\/1194"}],"wp:attachment":[{"href":"https:\/\/bilica.org.br\/index.php?rest_route=%2Fwp%2Fv2%2Fmedia&parent=523"}],"curies":[{"name":"wp","href":"https:\/\/api.w.org\/{rel}","templated":true}]}}